{"id":127,"date":"2024-03-26T11:46:39","date_gmt":"2024-03-26T10:46:39","guid":{"rendered":"https:\/\/braserialosconejos.com\/?page_id=127"},"modified":"2024-03-26T11:49:52","modified_gmt":"2024-03-26T10:49:52","slug":"aviso-legal-y-privacidad","status":"publish","type":"page","link":"https:\/\/braserialosconejos.com\/index.php\/aviso-legal-y-privacidad\/","title":{"rendered":"Aviso Legal Y Privacidad"},"content":{"rendered":"\t\t<div data-elementor-type=\"wp-page\" data-elementor-id=\"127\" class=\"elementor elementor-127\">\n\t\t\t\t<div class=\"elementor-element elementor-element-b4f81a5 e-flex e-con-boxed wpr-particle-no wpr-jarallax-no wpr-parallax-no wpr-sticky-section-no e-con e-parent\" data-id=\"b4f81a5\" data-element_type=\"container\">\n\t\t\t\t\t<div class=\"e-con-inner\">\n\t\t\t\t<div class=\"elementor-element elementor-element-c170ecd elementor-widget elementor-widget-text-editor\" data-id=\"c170ecd\" data-element_type=\"widget\" data-widget_type=\"text-editor.default\">\n\t\t\t\t<div class=\"elementor-widget-container\">\n\t\t\t\t\t\t\t\t\t<h2><strong>1. Aviso Legal<\/strong><\/h2><p><strong>Aviso Legal de Braser\u00eda Los Conejos<\/strong><\/p><p>Este sitio web es propiedad de Braser\u00eda Los Conejos, con NIF E10974632 y domicilio en Calle Ricardo de la Cierva 7, 03179 Formentera del Segura, Alicante, Espa\u00f1a. Tel\u00e9fono de contacto: +34 865 66 52 43, Email: info@braserialosconejos.com.<\/p><p>El acceso y uso del sitio web se rigen por las condiciones establecidas en este Aviso Legal, as\u00ed como por la legislaci\u00f3n que se aplique. El uso del sitio web implica la aceptaci\u00f3n de estas condiciones.<\/p><h2><strong>2. Pol\u00edtica de Privacidad<\/strong><\/h2><p>Pol\u00edtica de Privacidad<\/p><p>En Braser\u00eda Los Conejos, nos comprometemos a proteger la privacidad de nuestros clientes y usuarios. Esta pol\u00edtica detalla el tratamiento de datos personales recogidos a trav\u00e9s de nuestra web. Los datos recabados ser\u00e1n incorporados a un fichero responsabilidad de Braser\u00eda Los Conejos para la gesti\u00f3n de relaciones con clientes y promoci\u00f3n de servicios. Los usuarios pueden ejercer sus derechos de acceso, rectificaci\u00f3n, supresi\u00f3n, y otros derechos, como se explica en el detalle de esta pol\u00edtica.<\/p><h2><strong>3. Pol\u00edtica de Cookies<\/strong><\/h2><p><strong>Pol\u00edtica de Cookies<\/strong><\/p><p>Este sitio web utiliza cookies propias y de terceros para mejorar la experiencia de usuario y ofrecer contenidos adaptados a sus intereses. Al navegar por este sitio, aceptas el uso que hacemos de las cookies. La presente pol\u00edtica tiene como objetivo informarte claramente sobre las cookies que utilizamos, as\u00ed como las opciones para gestionarlas y\/o rechazarlas.<\/p><h2><strong>4. T\u00e9rminos de Uso<\/strong><\/h2><p><strong>T\u00e9rminos de Uso<\/strong><\/p><p>El acceso y uso de este sitio web est\u00e1n sujetos a los siguientes t\u00e9rminos y condiciones. Al utilizar este sitio web, aceptas estos t\u00e9rminos sin reservas. No est\u00e1 permitido utilizar este sitio web para fines ilegales o no autorizados. El contenido de este sitio web (textos, im\u00e1genes, marcas, logos, archivos de audio y video, botones, archivos de software, combinaciones de colores, as\u00ed como la estructura, selecci\u00f3n, ordenaci\u00f3n y presentaci\u00f3n de sus contenidos) est\u00e1 protegido por las leyes de propiedad intelectual e industrial y no se permite su reproducci\u00f3n, distribuci\u00f3n, comunicaci\u00f3n p\u00fablica y transformaci\u00f3n, salvo para uso personal y privado.<\/p>\t\t\t\t\t\t\t\t<\/div>\n\t\t\t\t<\/div>\n\t\t\t\t\t<\/div>\n\t\t\t\t<\/div>\n\t\t\t\t<\/div>\n\t\t","protected":false},"excerpt":{"rendered":"<p>1. Aviso Legal Aviso Legal de Braser\u00eda Los Conejos Este sitio web es propiedad de Braser\u00eda Los Conejos, con NIF E10974632 y domicilio en Calle Ricardo de la Cierva 7, 03179 Formentera del Segura, Alicante, Espa\u00f1a. Tel\u00e9fono de contacto: +34 865 66 52 43, Email: info@braserialosconejos.com. El acceso y uso del sitio web se rigen por las condiciones establecidas en este Aviso Legal, as\u00ed como por la legislaci\u00f3n que se aplique. El uso del sitio web implica la aceptaci\u00f3n de estas condiciones. 2. Pol\u00edtica de Privacidad Pol\u00edtica de Privacidad En Braser\u00eda Los Conejos, nos comprometemos a proteger la privacidad de nuestros clientes y usuarios. Esta pol\u00edtica detalla el tratamiento de datos personales recogidos a trav\u00e9s de nuestra web. Los datos recabados ser\u00e1n incorporados a un fichero responsabilidad de Braser\u00eda Los Conejos para la gesti\u00f3n de relaciones con clientes y promoci\u00f3n de servicios. Los usuarios pueden ejercer sus derechos de acceso, rectificaci\u00f3n, supresi\u00f3n, y otros derechos, como se explica en el detalle de esta pol\u00edtica. 3. Pol\u00edtica de Cookies Pol\u00edtica de Cookies Este sitio web utiliza cookies propias y de terceros para mejorar la experiencia de usuario y ofrecer contenidos adaptados a sus intereses. Al navegar por este sitio, aceptas el uso que hacemos de las cookies. La presente pol\u00edtica tiene como objetivo informarte claramente sobre las cookies que utilizamos, as\u00ed como las opciones para gestionarlas y\/o rechazarlas. 4. T\u00e9rminos de Uso T\u00e9rminos de Uso El acceso y uso de este sitio web est\u00e1n sujetos a los siguientes t\u00e9rminos y condiciones. Al utilizar este sitio web, aceptas estos t\u00e9rminos sin reservas. No est\u00e1 permitido utilizar este sitio web para fines ilegales o no autorizados. El contenido de este sitio web (textos, im\u00e1genes, marcas, logos, archivos de audio y video, botones, archivos de software, combinaciones de colores, as\u00ed como la estructura, selecci\u00f3n, ordenaci\u00f3n y presentaci\u00f3n de sus contenidos) est\u00e1 protegido por las leyes de propiedad intelectual e industrial y no se permite su reproducci\u00f3n, distribuci\u00f3n, comunicaci\u00f3n p\u00fablica y transformaci\u00f3n, salvo para uso personal y privado.<\/p>\n","protected":false},"author":1,"featured_media":0,"parent":0,"menu_order":0,"comment_status":"closed","ping_status":"closed","template":"","meta":{"om_disable_all_campaigns":false,"_monsterinsights_skip_tracking":false,"_monsterinsights_sitenote_active":false,"_monsterinsights_sitenote_note":"","_monsterinsights_sitenote_category":0,"footnotes":""},"aioseo_notices":[],"_links":{"self":[{"href":"https:\/\/braserialosconejos.com\/index.php\/wp-json\/wp\/v2\/pages\/127"}],"collection":[{"href":"https:\/\/braserialosconejos.com\/index.php\/wp-json\/wp\/v2\/pages"}],"about":[{"href":"https:\/\/braserialosconejos.com\/index.php\/wp-json\/wp\/v2\/types\/page"}],"author":[{"embeddable":true,"href":"https:\/\/braserialosconejos.com\/index.php\/wp-json\/wp\/v2\/users\/1"}],"replies":[{"embeddable":true,"href":"https:\/\/braserialosconejos.com\/index.php\/wp-json\/wp\/v2\/comments?post=127"}],"version-history":[{"count":4,"href":"https:\/\/braserialosconejos.com\/index.php\/wp-json\/wp\/v2\/pages\/127\/revisions"}],"predecessor-version":[{"id":131,"href":"https:\/\/braserialosconejos.com\/index.php\/wp-json\/wp\/v2\/pages\/127\/revisions\/131"}],"wp:attachment":[{"href":"https:\/\/braserialosconejos.com\/index.php\/wp-json\/wp\/v2\/media?parent=127"}],"curies":[{"name":"wp","href":"https:\/\/api.w.org\/{rel}","templated":true}]}}