{"id":45,"date":"2024-03-26T10:03:16","date_gmt":"2024-03-26T09:03:16","guid":{"rendered":"https:\/\/braserialosconejos.com\/?page_id=45"},"modified":"2024-03-28T20:26:13","modified_gmt":"2024-03-28T19:26:13","slug":"bienvenidos","status":"publish","type":"page","link":"https:\/\/braserialosconejos.com\/index.php\/bienvenidos\/","title":{"rendered":"Bienvenidos"},"content":{"rendered":"\t\t<div data-elementor-type=\"wp-page\" data-elementor-id=\"45\" class=\"elementor elementor-45\">\n\t\t\t\t<div class=\"elementor-element elementor-element-38c07c0 e-flex e-con-boxed wpr-particle-no wpr-jarallax-no wpr-parallax-no wpr-sticky-section-no e-con e-parent\" data-id=\"38c07c0\" data-element_type=\"container\">\n\t\t\t\t\t<div class=\"e-con-inner\">\n\t\t<div class=\"elementor-element elementor-element-1a10e14 e-con-full e-flex wpr-particle-no wpr-jarallax-no wpr-parallax-no wpr-sticky-section-no e-con e-child\" data-id=\"1a10e14\" data-element_type=\"container\">\n\t\t\t\t<div class=\"elementor-element elementor-element-671223b elementor-widget elementor-widget-image\" data-id=\"671223b\" data-element_type=\"widget\" data-widget_type=\"image.default\">\n\t\t\t\t<div class=\"elementor-widget-container\">\n\t\t\t\t\t\t\t\t\t\t\t\t\t\t\t<img fetchpriority=\"high\" decoding=\"async\" width=\"504\" height=\"335\" src=\"https:\/\/braserialosconejos.com\/wp-content\/uploads\/2024\/03\/bienvenidos.jpeg\" class=\"attachment-large size-large wp-image-48\" alt=\"\" \/>\t\t\t\t\t\t\t\t\t\t\t\t\t\t\t<\/div>\n\t\t\t\t<\/div>\n\t\t\t\t<div class=\"elementor-element elementor-element-6f2a7cc elementor-widget elementor-widget-text-editor\" data-id=\"6f2a7cc\" data-element_type=\"widget\" data-widget_type=\"text-editor.default\">\n\t\t\t\t<div class=\"elementor-widget-container\">\n\t\t\t\t\t\t\t\t\t<h3>Nuestras instalaciones est\u00e1n dise\u00f1adas y preparadas para albergar una amplia gama de eventos, desde comuniones y bautizos hasta memorables bodas, siempre cuidando que haya un aforo limitado que garantice la comodidad y seguridad de nuestros invitados.<\/h3><h3>Despu\u00e9s de superar los desaf\u00edos del a\u00f1o 2022, marcado por la pandemia de COVID-19, mi padre y yo vimos realizado nuestro sue\u00f1o al abrir las puertas de este entra\u00f1able restaurante, ofreciendo no solo buena comida sino tambi\u00e9n un servicio inmejorable.<\/h3>\t\t\t\t\t\t\t\t<\/div>\n\t\t\t\t<\/div>\n\t\t\t\t<\/div>\n\t\t<div class=\"elementor-element elementor-element-9b2ab93 e-con-full e-flex wpr-particle-no wpr-jarallax-no wpr-parallax-no wpr-sticky-section-no e-con e-child\" data-id=\"9b2ab93\" data-element_type=\"container\">\n\t\t\t\t<div class=\"elementor-element elementor-element-05c5a79 elementor-widget elementor-widget-text-editor\" data-id=\"05c5a79\" data-element_type=\"widget\" data-widget_type=\"text-editor.default\">\n\t\t\t\t<div class=\"elementor-widget-container\">\n\t\t\t\t\t\t\t\t\t<h3>Braser\u00eda Los Conejos. Restaurante familiar inaugurado recientemente en la encantadora comarca de la Vega Baja. Nos encontramos en el coraz\u00f3n del pol\u00edgono industrial de Formentera del Segura (Los Nazarios), ofreciendo a nuestros comensales una experiencia gastron\u00f3mica \u00fanica donde se combinan deliciosas recetas caseras con la comida tradicional de nuestra regi\u00f3n.<\/h3><h3>Nuestro legado se remonta a la sabidur\u00eda culinaria de nuestra abuela, quien comparti\u00f3 con nuestra familia el arte de preparar las aut\u00e9nticas recetas regionales. Sus especialidades en pelotas, Habichuelas con Oreja y ni se diga de los arroces&#8230;., todo esto nos marca una huella imborrable, inspir\u00e1ndonos a preservar y compartir otras delicias de anta\u00f1o, como los cucurrones, migas y olla viuda, entre otras joyas culinarias.<\/h3>\t\t\t\t\t\t\t\t<\/div>\n\t\t\t\t<\/div>\n\t\t\t\t<\/div>\n\t\t\t\t\t<\/div>\n\t\t\t\t<\/div>\n\t\t<div class=\"elementor-element elementor-element-2f0b64c e-flex e-con-boxed wpr-particle-no wpr-jarallax-no wpr-parallax-no wpr-sticky-section-no e-con e-parent\" data-id=\"2f0b64c\" data-element_type=\"container\">\n\t\t\t\t\t<div class=\"e-con-inner\">\n\t\t\t\t<div class=\"elementor-element elementor-element-c423617 elementor-widget elementor-widget-text-editor\" data-id=\"c423617\" data-element_type=\"widget\" data-widget_type=\"text-editor.default\">\n\t\t\t\t<div class=\"elementor-widget-container\">\n\t\t\t\t\t\t\t\t\t<h3>Nuestras instalaciones est\u00e1n dise\u00f1adas pensando en la comodidad del cliente. Contamos con un espacioso sal\u00f3n que cuenta con una amplia barra, terrazas, tanto al aire libre como en el interior, y una imponente barbacoa, donde nuestros comensales pueden deleitarse con una amplia variedad de platos. Desde suculentos chuletones y entrecots hasta exquisitas paellas y nuestras c\u00e9lebres pelotas de patolog\u00eda, nuestra oferta culinaria es irresistible y satisfar\u00e1 incluso a los paladares m\u00e1s exigentes.<\/h3><h3>Te invitamos a descubrir y saborear la aut\u00e9ntica esencia de la cocina local en Braser\u00eda Los Conejos, donde cada plato cuenta una historia de tradici\u00f3n y pasi\u00f3n por la buena comida.<\/h3>\t\t\t\t\t\t\t\t<\/div>\n\t\t\t\t<\/div>\n\t\t\t\t\t<\/div>\n\t\t\t\t<\/div>\n\t\t\t\t<\/div>\n\t\t","protected":false},"excerpt":{"rendered":"<p>Nuestras instalaciones est\u00e1n dise\u00f1adas y preparadas para albergar una amplia gama de eventos, desde comuniones y bautizos hasta memorables bodas, siempre cuidando que haya un aforo limitado que garantice la comodidad y seguridad de nuestros invitados. Despu\u00e9s de superar los desaf\u00edos del a\u00f1o 2022, marcado por la pandemia de COVID-19, mi padre y yo vimos realizado nuestro sue\u00f1o al abrir las puertas de este entra\u00f1able restaurante, ofreciendo no solo buena comida sino tambi\u00e9n un servicio inmejorable. Braser\u00eda Los Conejos. Restaurante familiar inaugurado recientemente en la encantadora comarca de la Vega Baja. Nos encontramos en el coraz\u00f3n del pol\u00edgono industrial de Formentera del Segura (Los Nazarios), ofreciendo a nuestros comensales una experiencia gastron\u00f3mica \u00fanica donde se combinan deliciosas recetas caseras con la comida tradicional de nuestra regi\u00f3n. Nuestro legado se remonta a la sabidur\u00eda culinaria de nuestra abuela, quien comparti\u00f3 con nuestra familia el arte de preparar las aut\u00e9nticas recetas regionales. Sus especialidades en pelotas, Habichuelas con Oreja y ni se diga de los arroces&#8230;., todo esto nos marca una huella imborrable, inspir\u00e1ndonos a preservar y compartir otras delicias de anta\u00f1o, como los cucurrones, migas y olla viuda, entre otras joyas culinarias. Nuestras instalaciones est\u00e1n dise\u00f1adas pensando en la comodidad del cliente. Contamos con un espacioso sal\u00f3n que cuenta con una amplia barra, terrazas, tanto al aire libre como en el interior, y una imponente barbacoa, donde nuestros comensales pueden deleitarse con una amplia variedad de platos. Desde suculentos chuletones y entrecots hasta exquisitas paellas y nuestras c\u00e9lebres pelotas de patolog\u00eda, nuestra oferta culinaria es irresistible y satisfar\u00e1 incluso a los paladares m\u00e1s exigentes. Te invitamos a descubrir y saborear la aut\u00e9ntica esencia de la cocina local en Braser\u00eda Los Conejos, donde cada plato cuenta una historia de tradici\u00f3n y pasi\u00f3n por la buena comida.<\/p>\n","protected":false},"author":1,"featured_media":0,"parent":0,"menu_order":0,"comment_status":"closed","ping_status":"closed","template":"","meta":{"om_disable_all_campaigns":false,"_monsterinsights_skip_tracking":false,"_monsterinsights_sitenote_active":false,"_monsterinsights_sitenote_note":"","_monsterinsights_sitenote_category":0,"footnotes":""},"aioseo_notices":[],"_links":{"self":[{"href":"https:\/\/braserialosconejos.com\/index.php\/wp-json\/wp\/v2\/pages\/45"}],"collection":[{"href":"https:\/\/braserialosconejos.com\/index.php\/wp-json\/wp\/v2\/pages"}],"about":[{"href":"https:\/\/braserialosconejos.com\/index.php\/wp-json\/wp\/v2\/types\/page"}],"author":[{"embeddable":true,"href":"https:\/\/braserialosconejos.com\/index.php\/wp-json\/wp\/v2\/users\/1"}],"replies":[{"embeddable":true,"href":"https:\/\/braserialosconejos.com\/index.php\/wp-json\/wp\/v2\/comments?post=45"}],"version-history":[{"count":10,"href":"https:\/\/braserialosconejos.com\/index.php\/wp-json\/wp\/v2\/pages\/45\/revisions"}],"predecessor-version":[{"id":292,"href":"https:\/\/braserialosconejos.com\/index.php\/wp-json\/wp\/v2\/pages\/45\/revisions\/292"}],"wp:attachment":[{"href":"https:\/\/braserialosconejos.com\/index.php\/wp-json\/wp\/v2\/media?parent=45"}],"curies":[{"name":"wp","href":"https:\/\/api.w.org\/{rel}","templated":true}]}}